{"id":336,"date":"2020-08-20T23:57:30","date_gmt":"2020-08-20T21:57:30","guid":{"rendered":"https:\/\/coiffure-seductiff.fr\/?page_id=336"},"modified":"2022-07-05T19:03:40","modified_gmt":"2022-07-05T17:03:40","slug":"mentions-legales","status":"publish","type":"page","link":"https:\/\/coiffure-seductiff.fr\/?page_id=336","title":{"rendered":"Mentions l\u00e9gales"},"content":{"rendered":"\t\t<div data-elementor-type=\"wp-page\" data-elementor-id=\"336\" class=\"elementor elementor-336\">\n\t\t\t\t\t\t<section class=\"elementor-section elementor-top-section elementor-element elementor-element-3016c16 elementor-section-boxed elementor-section-height-default elementor-section-height-default\" data-id=\"3016c16\" data-element_type=\"section\">\n\t\t\t\t\t\t<div class=\"elementor-container elementor-column-gap-default\">\n\t\t\t\t\t<div class=\"elementor-column elementor-col-100 elementor-top-column elementor-element elementor-element-e267b92\" data-id=\"e267b92\" data-element_type=\"column\">\n\t\t\t<div class=\"elementor-widget-wrap elementor-element-populated\">\n\t\t\t\t\t\t<div class=\"elementor-element elementor-element-0f3939b elementor-widget elementor-widget-text-editor\" data-id=\"0f3939b\" data-element_type=\"widget\" data-widget_type=\"text-editor.default\">\n\t\t\t\t<div class=\"elementor-widget-container\">\n\t\t\t\t\t\t\t\t\t<div id=\"mainContainer\" class=\"container text-center\"><div id=\"mentions\" class=\"text-justify\"><h2 class=\"color3\">MENTIONS L\u00c9GALES<\/h2><div>\u00a9 Copyright 2020 Salon seduc&rsquo;tiff | Tous droits r\u00e9serv\u00e9s<\/div><h3>1. Pr\u00e9sentation du site<\/h3><p>\u00a0<\/p><div>En vertu de l&rsquo;article 6 de la loi n\u00b0 2004-575 du 21 juin 2004, pour la confiance dans l&rsquo;\u00e9conomie num\u00e9rique, il est pr\u00e9cis\u00e9 aux utilisateurs du site l&rsquo;identit\u00e9 des diff\u00e9rents intervenants dans le cadre de sa r\u00e9alisation et de son suivi :<\/div><div>Editeur : Salon seduc&rsquo;tiff, 6 rue saint pierre 28130 MAINTENON, au capital social de 0, immatricul\u00e9 au sous le num\u00e9ro 39773319700016.<\/div><div>Entreprise\u00a0 individuelle<\/div><div>Conception et r\u00e9alisation : <a href=\"https:\/\/Laboiteasiteweb.com\" target=\"_blank\" rel=\"noopener\">Laboiteasiteweb.com<\/a><\/div><div>Cr\u00e9dit photo et vid\u00e9o : Salon seduc&rsquo;tiff et laboiteasiteweb.com<\/div><div>H\u00e9bergeur : OVH France, SAS au capital de 10 069 020 \u20ac dont le si\u00e8ge social est situ\u00e9 au 2 rue Kellermann &#8211; 59100 Roubaix &#8211; France, immatricul\u00e9e au RCS de Lille M\u00e9tropole sous le num\u00e9ro 424 761 419 00045<\/div><p>\u00a0<\/p><h3>2. Propri\u00e9t\u00e9 intellectuelle et contrefa\u00e7ons<\/h3><p>\u00a0<\/p><h4>PROPRI\u00c9T\u00c9 INTELLECTUELLE<\/h4><div>La structure du site internet ainsi que les textes, graphiques, images, photographies, sons, vid\u00e9os et applications informatiques qui le composent sont la propri\u00e9t\u00e9 du site et sont prot\u00e9g\u00e9s comme tels par les lois en vigueur au titre de la propri\u00e9t\u00e9 intellectuelle. Toute repr\u00e9sentation, reproduction, adaptation ou exploitation partielle ou totale des contenus, marques d\u00e9pos\u00e9es et services propos\u00e9s par le site , par quelque proc\u00e9d\u00e9 que ce soit, sans l&rsquo;autorisation pr\u00e9alable, expresse et \u00e9crite du Salon seduc&rsquo;tiff, est strictement interdite et serait susceptible de constituer une contrefa\u00e7on au sens des articles L.335-2 et suivants du Code de la propri\u00e9t\u00e9 intellectuelle. Et ce, \u00e0 l&rsquo;exception des \u00e9l\u00e9ments express\u00e9ment d\u00e9sign\u00e9s comme libres de droits sur le Site internet. L&rsquo;acc\u00e8s au Site Internet ne vaut pas reconnaissance d&rsquo;un droit et, de mani\u00e8re g\u00e9n\u00e9rale, ne conf\u00e8re aucun droit de propri\u00e9t\u00e9 intellectuelle relatif \u00e0 un \u00e9l\u00e9ment du Site internet , lesquels restent la propri\u00e9t\u00e9 exclusive de Salon seduc&rsquo;tiff. Il est interdit \u00e0 l&rsquo;Utilisateur d&rsquo;introduire des donn\u00e9es sur le Site Internet qui modifieraient ou qui seraient susceptibles d&rsquo;en modifier le contenu ou l&rsquo;apparence.<\/div><p>\u00a0<\/p><h4>INFORMATIONS NOMINATIVES<\/h4><div>Toutes les informations recueillis par le Site Internet aupr\u00e8s de l&rsquo;Utilisateur font l&rsquo;objet d&rsquo;un traitement informatique destin\u00e9 au traitement de l&rsquo;Inscription, de la soci\u00e9t\u00e9 Salon seduc&rsquo;tiff. Elles peuvent \u00eatre communiqu\u00e9es et utilis\u00e9es \u00e0 titre de prospection commerciale et de communication de promotion li\u00e9es exclusivement aux activit\u00e9s de Salon seduc&rsquo;tiff, et \u00eatre transmises aux prestataires ou \u00e0 toute autorit\u00e9 administrative ou judiciaire qui en ferait la demande. En sus du droit d&rsquo;acc\u00e8s, de rectification et d&rsquo;opposition pr\u00e9vu \u00e0 l&rsquo;article 4 ci-avant vis\u00e9, et conform\u00e9ment \u00e0 la loi informatique et Libert\u00e9s n\u00b078-17 du 6 janvier 1978, l&rsquo;Utilisateur peut \u00e0 tout moment acc\u00e9der aux informations personnelles le concernant et d\u00e9tenus par le site , demander leur modification ou leur suppression par l&rsquo;envoi d&rsquo;un message \u00e9lectronique \u00e0 <a href=\"mailto:coiffureseductiff@orange.fr\">coiffureseductiff@orange.fr<\/a> ou par courrier postal \u00e0 l&rsquo;adresse suivante : 6 rue saint pierre, 28130 MAINTENON. Ainsi, l&rsquo;Utilisateur peut, \u00e0 titre irr\u00e9vocable, demander que soient rectifi\u00e9es, compl\u00e9t\u00e9es, clarifi\u00e9es, mises \u00e0 jour ou effac\u00e9es les informations le concernant qui sont inexactes, incompl\u00e8tes, \u00e9quivoques, p\u00e9rim\u00e9es ou dont la collectes ou l&rsquo;utilisation, la communication ou la conservation est interdite. Salon seduc&rsquo;tiff s&rsquo;engage \u00e0 se conformer aux dispositions du R\u00e8glement Europ\u00e9en sur la Protection des Donn\u00e9es.<\/div><p>\u00a0<\/p><h3>3. Les principales lois concern\u00e9es<\/h3><p>\u00a0<\/p><div>Loi n\u00b0 78-87 du 6 janvier 1978, notamment modifi\u00e9e par la loi n\u00b0 2004-801 du 6 ao\u00fbt 2004 relative \u00e0 l&rsquo;informatique, aux fichiers et aux libert\u00e9s.<br \/>Loi n\u00b0 2004-575 du 21 juin 2004 pour la confiance dans l&rsquo;\u00e9conomie num\u00e9rique.<\/div><div>\u00a0<\/div><\/div><\/div><footer class=\"footer\"><div class=\"container\"><div class=\"row\"><div class=\"col-sm-6 text-left col-sm-push-6\"><h4><span class=\"footer-title\"><strong>Salon seduc&rsquo;tiff<\/strong><\/span><\/h4><div class=\"float_l paddingr50 adresse\"><h4 class=\"top20\">6 rue saint pierre<br \/>28130 MAINTENON<\/h4><h4>T\u00e9l. 02 37 23 01 42<\/h4><h4>Siret : 39773319700016<\/h4><div><strong><span style=\"font-size: 12pt; color: #000000;\">Entreprise individuelle<\/span><\/strong><\/div><\/div><div class=\"clearfix\">\u00a0<\/div><\/div><div class=\"col-sm-6 col-sm-pull-6\"><div id=\"footer-horaires-container\"><h4>HORAIRES<\/h4><div><strong>Mardi et Jeudi :<\/strong><\/div><div>09h &#8211; 12h \/ 14h &#8211; 18h<\/div><h4 class=\"\">\u00a0<\/h4><div><strong>Mercredi :<\/strong><\/div><div>09h &#8211; 12h30 \/ 13h30 &#8211; 19h<\/div><h4 class=\"\">\u00a0<\/h4><div><strong>Vendredi :<\/strong><\/div><div>08h30 &#8211; 12h30 \/ 13h30 &#8211; 19h<\/div><h4 class=\"\">\u00a0<\/h4><div><strong>Samedi :<\/strong><\/div><div>08h30 &#8211; 17h<\/div><\/div><h2>\u00a0<\/h2><\/div><\/div><\/div><\/footer>\t\t\t\t\t\t\t\t<\/div>\n\t\t\t\t<\/div>\n\t\t\t\t\t<\/div>\n\t\t<\/div>\n\t\t\t\t\t<\/div>\n\t\t<\/section>\n\t\t\t\t<\/div>\n\t\t","protected":false},"excerpt":{"rendered":"<p>MENTIONS L\u00c9GALES \u00a9 Copyright 2020 Salon seduc&rsquo;tiff | Tous droits r\u00e9serv\u00e9s 1. Pr\u00e9sentation du site \u00a0 En vertu de l&rsquo;article 6 de la loi n\u00b0 2004-575 du 21 juin 2004, pour la confiance dans l&rsquo;\u00e9conomie num\u00e9rique, il est pr\u00e9cis\u00e9 aux utilisateurs du site l&rsquo;identit\u00e9 des diff\u00e9rents intervenants dans le cadre de sa r\u00e9alisation et de [&hellip;]<\/p>\n","protected":false},"author":1,"featured_media":0,"parent":0,"menu_order":0,"comment_status":"closed","ping_status":"closed","template":"","meta":{"ocean_post_layout":"full-screen","ocean_both_sidebars_style":"","ocean_both_sidebars_content_width":0,"ocean_both_sidebars_sidebars_width":0,"ocean_sidebar":"0","ocean_second_sidebar":"0","ocean_disable_margins":"enable","ocean_add_body_class":"","ocean_shortcode_before_top_bar":"","ocean_shortcode_after_top_bar":"","ocean_shortcode_before_header":"","ocean_shortcode_after_header":"","ocean_has_shortcode":"","ocean_shortcode_after_title":"","ocean_shortcode_before_footer_widgets":"","ocean_shortcode_after_footer_widgets":"","ocean_shortcode_before_footer_bottom":"","ocean_shortcode_after_footer_bottom":"","ocean_display_top_bar":"default","ocean_display_header":"default","ocean_header_style":"","ocean_center_header_left_menu":"0","ocean_custom_header_template":"0","ocean_custom_logo":0,"ocean_custom_retina_logo":0,"ocean_custom_logo_max_width":0,"ocean_custom_logo_tablet_max_width":0,"ocean_custom_logo_mobile_max_width":0,"ocean_custom_logo_max_height":0,"ocean_custom_logo_tablet_max_height":0,"ocean_custom_logo_mobile_max_height":0,"ocean_header_custom_menu":"0","ocean_menu_typo_font_family":"0","ocean_menu_typo_font_subset":"","ocean_menu_typo_font_size":0,"ocean_menu_typo_font_size_tablet":0,"ocean_menu_typo_font_size_mobile":0,"ocean_menu_typo_font_size_unit":"px","ocean_menu_typo_font_weight":"","ocean_menu_typo_font_weight_tablet":"","ocean_menu_typo_font_weight_mobile":"","ocean_menu_typo_transform":"","ocean_menu_typo_transform_tablet":"","ocean_menu_typo_transform_mobile":"","ocean_menu_typo_line_height":0,"ocean_menu_typo_line_height_tablet":0,"ocean_menu_typo_line_height_mobile":0,"ocean_menu_typo_line_height_unit":"","ocean_menu_typo_spacing":0,"ocean_menu_typo_spacing_tablet":0,"ocean_menu_typo_spacing_mobile":0,"ocean_menu_typo_spacing_unit":"","ocean_menu_link_color":"","ocean_menu_link_color_hover":"","ocean_menu_link_color_active":"","ocean_menu_link_background":"","ocean_menu_link_hover_background":"","ocean_menu_link_active_background":"","ocean_menu_social_links_bg":"","ocean_menu_social_hover_links_bg":"","ocean_menu_social_links_color":"","ocean_menu_social_hover_links_color":"","ocean_disable_title":"default","ocean_disable_heading":"default","ocean_post_title":"","ocean_post_subheading":"","ocean_post_title_style":"","ocean_post_title_background_color":"","ocean_post_title_background":0,"ocean_post_title_bg_image_position":"","ocean_post_title_bg_image_attachment":"","ocean_post_title_bg_image_repeat":"","ocean_post_title_bg_image_size":"","ocean_post_title_height":0,"ocean_post_title_bg_overlay":0.5,"ocean_post_title_bg_overlay_color":"","ocean_disable_breadcrumbs":"default","ocean_breadcrumbs_color":"","ocean_breadcrumbs_separator_color":"","ocean_breadcrumbs_links_color":"","ocean_breadcrumbs_links_hover_color":"","ocean_display_footer_widgets":"default","ocean_display_footer_bottom":"default","ocean_custom_footer_template":"0","omw_enable_modal_window":"enable","footnotes":""},"class_list":["post-336","page","type-page","status-publish","hentry","entry"],"_links":{"self":[{"href":"https:\/\/coiffure-seductiff.fr\/index.php?rest_route=\/wp\/v2\/pages\/336","targetHints":{"allow":["GET"]}}],"collection":[{"href":"https:\/\/coiffure-seductiff.fr\/index.php?rest_route=\/wp\/v2\/pages"}],"about":[{"href":"https:\/\/coiffure-seductiff.fr\/index.php?rest_route=\/wp\/v2\/types\/page"}],"author":[{"embeddable":true,"href":"https:\/\/coiffure-seductiff.fr\/index.php?rest_route=\/wp\/v2\/users\/1"}],"replies":[{"embeddable":true,"href":"https:\/\/coiffure-seductiff.fr\/index.php?rest_route=%2Fwp%2Fv2%2Fcomments&post=336"}],"version-history":[{"count":0,"href":"https:\/\/coiffure-seductiff.fr\/index.php?rest_route=\/wp\/v2\/pages\/336\/revisions"}],"wp:attachment":[{"href":"https:\/\/coiffure-seductiff.fr\/index.php?rest_route=%2Fwp%2Fv2%2Fmedia&parent=336"}],"curies":[{"name":"wp","href":"https:\/\/api.w.org\/{rel}","templated":true}]}}